{"id":9687,"date":"2021-06-28T18:20:12","date_gmt":"2021-06-28T18:20:12","guid":{"rendered":"https:\/\/jgproperties.net\/proximamente\/"},"modified":"2023-01-17T22:21:46","modified_gmt":"2023-01-17T22:21:46","slug":"proximamente","status":"publish","type":"page","link":"https:\/\/jgproperties.net\/es\/proximamente\/","title":{"rendered":"Pr\u00f3ximamente"},"content":{"rendered":"<div id=\"sp-page\" class=\"spBgcover sp-content-4\" style=\"background-color: rgb(0, 0, 0); background-image: linear-gradient(0deg, rgba(0, 0, 0, 0.15), rgba(0, 0, 0, 0.15)), url('http:\/\/jgmiamiproperties.com\/wp-content\/uploads\/2021\/06\/jg.jpg'); font-family: 'Open Sans', sans-serif; font-weight: 400;\">\n<section id=\"sp-ks8a8s\" class=\"sp-el-section \" style=\"background-color: rgb(255, 255, 255); width: 490px; max-width: 100%; padding: 10px; border-radius: 10px;\">\n<div id=\"sp-vw3kvy\" class=\"sp-el-row sm:sp-flex sp-justify-between sp-w-full sp-m-auto\" style=\"padding: 0px; width: auto; max-width: 1000px;\">\n<div id=\"sp-ovbx1s\" class=\"sp-el-col sp-p-4 sp-w-full\" style=\"width: calc(100% - 0px); padding: 10px;\">\n<div id=\"sp-niijfv\" class=\"sp-spacer\" style=\"height: 12px;\"><\/div>\n<figure id=\"sp-xp7nhn\" class=\"sp-image-wrapper\" style=\"margin-top: 0px; padding: 10px; text-align: center;\"><span><img decoding=\"async\" src=\"http:\/\/jgmiamiproperties.com\/wp-content\/uploads\/2021\/06\/logo-jg.jpg\" alt=\"\" style=\"width: 300px;\"><\/span><\/figure>\n<div id=\"sp-jknss8\" class=\"sp-spacer\" style=\"height: 39px;\"><\/div>\n<h1 id=\"sp-y0sc75\" data-mobile-css=\"\" class=\"sp-css-target sp-headline-block-y0sc75\" style=\"font-size: 32px; font-family: Poppins; color: rgb(0, 0, 0); text-align: center; padding: 10px; margin-top: 0px;\">Pr\u00f3ximamente<\/h1>\n<div id=\"sp-p7ef8k\" data-mobile-css=\"\" class=\"sp-css-target sp-text-wrapper sp-text-wrapper-p7ef8k\" style=\"font-size: 18px; color: rgb(0, 0, 0); padding: 10px; margin-top: 0px; text-align: center;\">\n<p>Estamos trabajando en algo realmente genial.<\/p>\n<\/div>\n<div id=\"sp-d4et4f\" class=\"sp-spacer\" style=\"height: 60px;\"><\/div>\n<div class=\"sp-button-wrapper\" style=\"padding: 10px; margin-top: 0px; text-align: center;\"><a href=\"mailto:contact@jgmiamiproperties.com\" id=\"sp-q09cvl\" data-mobile-css=\"\" target=\"\" rel=\"noopener\" class=\"sp-button sp-css-target sp-text-center sp-inline-block sp-leading-none\" style=\"font-size: 15px; font-weight: 600; font-style: normal; background: rgb(51, 51, 51); color: rgb(255, 255, 255); width: auto; padding: 8px 12px; border-radius: 0px;\"><i class=\"sp-mr-2 fas fa-envelope\"><\/i><span style=\"font-family: Poppins;\">ENV\u00cdENOS UN CORREO ELECTR\u00d3NICO<\/span><\/a><\/div>\n<div id=\"sp-qkrns1\" class=\"sp-spacer\" style=\"height: 12px;\"><\/div>\n<\/div>\n<\/div>\n<\/section>\n<\/div>\n","protected":false},"excerpt":{"rendered":"<p>Pr\u00f3ximamente Estamos trabajando en algo realmente genial. ENV\u00cdENOS UN CORREO ELECTR\u00d3NICO<\/p>\n","protected":false},"author":1,"featured_media":0,"parent":0,"menu_order":0,"comment_status":"closed","ping_status":"closed","template":"","meta":{"_mo_disable_npp":"","footnotes":""},"class_list":["post-9687","page","type-page","status-publish","hentry"],"amp_enabled":true,"_links":{"self":[{"href":"https:\/\/jgproperties.net\/es\/wp-json\/wp\/v2\/pages\/9687","targetHints":{"allow":["GET"]}}],"collection":[{"href":"https:\/\/jgproperties.net\/es\/wp-json\/wp\/v2\/pages"}],"about":[{"href":"https:\/\/jgproperties.net\/es\/wp-json\/wp\/v2\/types\/page"}],"author":[{"embeddable":true,"href":"https:\/\/jgproperties.net\/es\/wp-json\/wp\/v2\/users\/1"}],"replies":[{"embeddable":true,"href":"https:\/\/jgproperties.net\/es\/wp-json\/wp\/v2\/comments?post=9687"}],"version-history":[{"count":1,"href":"https:\/\/jgproperties.net\/es\/wp-json\/wp\/v2\/pages\/9687\/revisions"}],"predecessor-version":[{"id":9704,"href":"https:\/\/jgproperties.net\/es\/wp-json\/wp\/v2\/pages\/9687\/revisions\/9704"}],"wp:attachment":[{"href":"https:\/\/jgproperties.net\/es\/wp-json\/wp\/v2\/media?parent=9687"}],"curies":[{"name":"wp","href":"https:\/\/api.w.org\/{rel}","templated":true}]}}