{"id":9753,"date":"2022-02-18T14:41:43","date_gmt":"2022-02-18T14:41:43","guid":{"rendered":"https:\/\/jgproperties.net\/valoracion-de-viviendas\/"},"modified":"2023-01-30T21:29:42","modified_gmt":"2023-01-30T21:29:42","slug":"valoracion-de-viviendas","status":"publish","type":"page","link":"https:\/\/jgproperties.net\/es\/valoracion-de-viviendas\/","title":{"rendered":"Valoraci\u00f3n de viviendas"},"content":{"rendered":"\t\t<div data-elementor-type=\"wp-post\" data-elementor-id=\"9753\" class=\"elementor elementor-9753 elementor-9383\">\n\t\t\t\t\t\t<section class=\"elementor-section elementor-top-section elementor-element elementor-element-ac1ffec elementor-section-height-min-height elementor-section-boxed elementor-section-height-default elementor-section-items-middle\" data-id=\"ac1ffec\" data-element_type=\"section\" data-settings=\"{&quot;background_background&quot;:&quot;classic&quot;}\">\n\t\t\t\t\t\t\t<div class=\"elementor-background-overlay\"><\/div>\n\t\t\t\t\t\t\t<div class=\"elementor-container elementor-column-gap-default\">\n\t\t\t\t\t<div class=\"elementor-column elementor-col-100 elementor-top-column elementor-element elementor-element-bc0fa41 stretch-to-none\" data-id=\"bc0fa41\" data-element_type=\"column\">\n\t\t\t<div class=\"elementor-widget-wrap elementor-element-populated\">\n\t\t\t\t\t\t<div class=\"elementor-element elementor-element-821a8da elementor-widget elementor-widget-heading\" data-id=\"821a8da\" data-element_type=\"widget\" data-widget_type=\"heading.default\">\n\t\t\t\t<div class=\"elementor-widget-container\">\n\t\t\t<h1 class=\"elementor-heading-title elementor-size-default\">\u00bfCu\u00e1nto vale su casa?<\/h1>\t\t<\/div>\n\t\t\t\t<\/div>\n\t\t\t\t<section class=\"elementor-section elementor-inner-section elementor-element elementor-element-ef19d18 elementor-section-boxed elementor-section-height-default elementor-section-height-default\" data-id=\"ef19d18\" data-element_type=\"section\">\n\t\t\t\t\t\t<div class=\"elementor-container elementor-column-gap-default\">\n\t\t\t\t\t<div class=\"elementor-column elementor-col-50 elementor-inner-column elementor-element elementor-element-18a692e stretch-to-none\" data-id=\"18a692e\" data-element_type=\"column\">\n\t\t\t<div class=\"elementor-widget-wrap elementor-element-populated\">\n\t\t\t\t\t\t<div class=\"elementor-element elementor-element-cfd0a27 elementor-widget elementor-widget-text-editor\" data-id=\"cfd0a27\" data-element_type=\"widget\" data-widget_type=\"text-editor.default\">\n\t\t\t\t<div class=\"elementor-widget-container\">\n\t\t\t\t\t\t\t<p>Si est\u00e1 pensando en vender su casa, necesitar\u00e1 saber exactamente cu\u00e1nto vale antes de ponerla en el mercado. Analizamos a diario el valor de las viviendas y determinamos los precios de mercado. Comparando su casa con las ventas recientes y con otras casas similares en el mercado, podemos decirle r\u00e1pidamente cu\u00e1l es el valor de su casa. Este an\u00e1lisis se conoce como \u00abAn\u00e1lisis comparativo del mercado\u00bb, o ACM. S\u00f3lo tiene que rellenar el formulario para darnos la informaci\u00f3n que necesitamos y estaremos encantados de realizar un CMA para su casa y proporcionarle los resultados de forma gratuita.<\/p>\n\t\t\t\t\t\t<\/div>\n\t\t\t\t<\/div>\n\t\t\t\t\t<\/div>\n\t\t<\/div>\n\t\t\t\t<div class=\"elementor-column elementor-col-50 elementor-inner-column elementor-element elementor-element-d802be0 stretch-to-none\" data-id=\"d802be0\" data-element_type=\"column\">\n\t\t\t<div class=\"elementor-widget-wrap\">\n\t\t\t\t\t\t\t<\/div>\n\t\t<\/div>\n\t\t\t\t\t<\/div>\n\t\t<\/section>\n\t\t\t\t\t<\/div>\n\t\t<\/div>\n\t\t\t\t\t<\/div>\n\t\t<\/section>\n\t\t\t\t<section class=\"elementor-section elementor-top-section elementor-element elementor-element-41daf36 elementor-section-boxed elementor-section-height-default elementor-section-height-default\" data-id=\"41daf36\" data-element_type=\"section\" data-settings=\"{&quot;background_background&quot;:&quot;classic&quot;}\">\n\t\t\t\t\t\t<div class=\"elementor-container elementor-column-gap-default\">\n\t\t\t\t\t<div class=\"elementor-column elementor-col-100 elementor-top-column elementor-element elementor-element-e7172be stretch-to-none\" data-id=\"e7172be\" data-element_type=\"column\">\n\t\t\t<div class=\"elementor-widget-wrap elementor-element-populated\">\n\t\t\t\t\t\t<div class=\"elementor-element elementor-element-2bc38d1 elementor-widget elementor-widget-heading\" data-id=\"2bc38d1\" data-element_type=\"widget\" data-widget_type=\"heading.default\">\n\t\t\t\t<div class=\"elementor-widget-container\">\n\t\t\t<h2 class=\"elementor-heading-title elementor-size-default\">\u00bfQuiere vender?<\/h2>\t\t<\/div>\n\t\t\t\t<\/div>\n\t\t\t\t<div class=\"elementor-element elementor-element-f3e8b35 elementor-widget elementor-widget-text-editor\" data-id=\"f3e8b35\" data-element_type=\"widget\" data-widget_type=\"text-editor.default\">\n\t\t\t\t<div class=\"elementor-widget-container\">\n\t\t\t\t\t\t\t<br \/>This content is currently unavailable. Please check back later or contact the site&#8217;s support team for more information.<br \/>\n\t\t\t\t\t\t<\/div>\n\t\t\t\t<\/div>\n\t\t\t\t\t<\/div>\n\t\t<\/div>\n\t\t\t\t\t<\/div>\n\t\t<\/section>\n\t\t\t\t<section class=\"elementor-section elementor-top-section elementor-element elementor-element-a58bdeb elementor-hidden-desktop elementor-hidden-tablet elementor-hidden-mobile elementor-section-boxed elementor-section-height-default elementor-section-height-default\" data-id=\"a58bdeb\" data-element_type=\"section\" data-settings=\"{&quot;background_background&quot;:&quot;classic&quot;}\">\n\t\t\t\t\t\t<div class=\"elementor-container elementor-column-gap-default\">\n\t\t\t\t\t<div class=\"elementor-column elementor-col-50 elementor-top-column elementor-element elementor-element-6fb8d4d stretch-to-none\" data-id=\"6fb8d4d\" data-element_type=\"column\">\n\t\t\t<div class=\"elementor-widget-wrap elementor-element-populated\">\n\t\t\t\t\t\t<div class=\"whole_link elementor-element elementor-element-2c3e51c elementor-position-left elementor-view-default elementor-mobile-position-top elementor-vertical-align-top elementor-widget elementor-widget-icon-box\" data-id=\"2c3e51c\" data-element_type=\"widget\" data-widget_type=\"icon-box.default\">\n\t\t\t\t<div class=\"elementor-widget-container\">\n\t\t\t\t\t<div class=\"elementor-icon-box-wrapper\">\n\n\t\t\t\t\t\t<div class=\"elementor-icon-box-icon\">\n\t\t\t\t<a href=\"\/medio-mapa-izquierda\/\" class=\"elementor-icon elementor-animation-\" tabindex=\"-1\">\n\t\t\t\t<i aria-hidden=\"true\" class=\" property-icon-home-search\"><\/i>\t\t\t\t<\/a>\n\t\t\t<\/div>\n\t\t\t\n\t\t\t\t\t\t<div class=\"elementor-icon-box-content\">\n\n\t\t\t\t\t\t\t\t\t<h5 class=\"elementor-icon-box-title\">\n\t\t\t\t\t\t<a href=\"\/medio-mapa-izquierda\/\" >\n\t\t\t\t\t\t\t\u00bfBusca un nuevo hogar?\t\t\t\t\t\t<\/a>\n\t\t\t\t\t<\/h5>\n\t\t\t\t\n\t\t\t\t\t\t\t\t\t<p class=\"elementor-icon-box-description\">\n\t\t\t\t\t\t10 nuevas ofertas cada d\u00eda. 350 ofertas in situ, con la confianza de una comunidad de miles de usuarios.\t\t\t\t\t<\/p>\n\t\t\t\t\n\t\t\t<\/div>\n\t\t\t\n\t\t<\/div>\n\t\t\t\t<\/div>\n\t\t\t\t<\/div>\n\t\t\t\t\t<\/div>\n\t\t<\/div>\n\t\t\t\t<div class=\"elementor-column elementor-col-50 elementor-top-column elementor-element elementor-element-67a5764 stretch-to-none\" data-id=\"67a5764\" data-element_type=\"column\">\n\t\t\t<div class=\"elementor-widget-wrap elementor-element-populated\">\n\t\t\t\t\t\t<div class=\"whole_link elementor-element elementor-element-1df294a elementor-position-left elementor-view-default elementor-mobile-position-top elementor-vertical-align-top elementor-widget elementor-widget-icon-box\" data-id=\"1df294a\" data-element_type=\"widget\" data-widget_type=\"icon-box.default\">\n\t\t\t\t<div class=\"elementor-widget-container\">\n\t\t\t\t\t<div class=\"elementor-icon-box-wrapper\">\n\n\t\t\t\t\t\t<div class=\"elementor-icon-box-icon\">\n\t\t\t\t<a href=\"\/a\u00f1adir-nueva-propiedad\/\" class=\"elementor-icon elementor-animation-\" tabindex=\"-1\">\n\t\t\t\t<i aria-hidden=\"true\" class=\" property-icon-home-sale\"><\/i>\t\t\t\t<\/a>\n\t\t\t<\/div>\n\t\t\t\n\t\t\t\t\t\t<div class=\"elementor-icon-box-content\">\n\n\t\t\t\t\t\t\t\t\t<h5 class=\"elementor-icon-box-title\">\n\t\t\t\t\t\t<a href=\"\/a\u00f1adir-nueva-propiedad\/\" >\n\t\t\t\t\t\t\t\u00bfQuiere vender su casa?\t\t\t\t\t\t<\/a>\n\t\t\t\t\t<\/h5>\n\t\t\t\t\n\t\t\t\t\t\t\t\t\t<p class=\"elementor-icon-box-description\">\n\t\t\t\t\t\t10 nuevas ofertas cada d\u00eda. 350 ofertas in situ, con la confianza de una comunidad de miles de usuarios.\t\t\t\t\t<\/p>\n\t\t\t\t\n\t\t\t<\/div>\n\t\t\t\n\t\t<\/div>\n\t\t\t\t<\/div>\n\t\t\t\t<\/div>\n\t\t\t\t\t<\/div>\n\t\t<\/div>\n\t\t\t\t\t<\/div>\n\t\t<\/section>\n\t\t\t\t<section class=\"elementor-section elementor-top-section elementor-element elementor-element-3cef9cf elementor-hidden-desktop elementor-hidden-tablet elementor-hidden-mobile elementor-section-boxed elementor-section-height-default elementor-section-height-default\" data-id=\"3cef9cf\" data-element_type=\"section\">\n\t\t\t\t\t\t<div class=\"elementor-container elementor-column-gap-default\">\n\t\t\t\t\t<div class=\"elementor-column elementor-col-100 elementor-top-column elementor-element elementor-element-48b6c74 stretch-to-none\" data-id=\"48b6c74\" data-element_type=\"column\">\n\t\t\t<div class=\"elementor-widget-wrap elementor-element-populated\">\n\t\t\t\t\t\t<div class=\"elementor-element elementor-element-4812327 elementor-widget elementor-widget-heading\" data-id=\"4812327\" data-element_type=\"widget\" data-widget_type=\"heading.default\">\n\t\t\t\t<div class=\"elementor-widget-container\">\n\t\t\t<h2 class=\"elementor-heading-title elementor-size-default\">Recursos<\/h2>\t\t<\/div>\n\t\t\t\t<\/div>\n\t\t\t\t<div class=\"elementor-element elementor-element-127e682 elementor-widget elementor-widget-post\" data-id=\"127e682\" data-element_type=\"widget\" data-widget_type=\"post.default\">\n\t\t\t\t<div class=\"elementor-widget-container\">\n\t\t\t\t\t<div class=\"archive-post-style_5\">\n\t\t\t<div class=\"row\">\n\t\t\t\t\t\t\t<div class=\"col-lg-4 col-md-6 col-sm-12 archive-post__content\">\n\t\t\t\t\t<div class=\"archive-post_content\">\n\n    \n        <div class=\"thumbnail-with-date\">\n\n            \n    <div class=\"post-thumbnail\">\n        <a href=\"https:\/\/jgproperties.net\/es\/creditos-para-extranjeros\/\" title=\"Invertir en Miami: 3 Opciones de Cr\u00e9ditos para Extranjeros\"><img fetchpriority=\"high\" decoding=\"async\" width=\"765\" height=\"504\" src=\"https:\/\/jgproperties.net\/wp-content\/uploads\/2023\/02\/Foreign-National-Loan-Options-765x504.png\" class=\"attachment-homepress-image-post-archive size-homepress-image-post-archive wp-post-image\" alt=\"Creditos para Extranjeros\" srcset=\"https:\/\/jgproperties.net\/wp-content\/uploads\/2023\/02\/Foreign-National-Loan-Options-765x504.png 765w, https:\/\/jgproperties.net\/wp-content\/uploads\/2023\/02\/Foreign-National-Loan-Options-350x230.png 350w\" sizes=\"(max-width: 765px) 100vw, 765px\" \/><\/a>\n    <\/div>\n\n<div class=\"posted-on-custom\">\n\n    <a href=\"https:\/\/jgproperties.net\/es\/creditos-para-extranjeros\/\" title=\"Invertir en Miami: 3 Opciones de Cr\u00e9ditos para Extranjeros\">\n        <span class=\"post-date\">6<\/span>\n        <span class=\"post-month\">Feb<\/span>\n    <\/a>\n\n<\/div>\n        <\/div>\n\n    \n    <div class=\"post-title\">\n\n    <a href=\"https:\/\/jgproperties.net\/es\/creditos-para-extranjeros\/\" title=\"Invertir en Miami: 3 Opciones de Cr\u00e9ditos para Extranjeros\">\n        <h2>Invertir en Miami: 3 Opciones de Cr\u00e9ditos para Extranjeros<\/h2>\n    <\/a>\n\n<\/div><div class=\"post-excerpt\">\n\n    Hay varias opciones de pr\u00e9stamos hipotecarios para extranjeros que deseen invertir en Miami o los Estados Unidos. Aqu\u00ed hay algunas opciones de cr\u00e9ditos para extranjeros que se u...\n<\/div>\n\n<\/div>\t\t\t\t<\/div>\n\t\t\t\t\t\t\t\t<div class=\"col-lg-4 col-md-6 col-sm-12 archive-post__content\">\n\t\t\t\t\t<div class=\"archive-post_content\">\n\n    \n        <div class=\"thumbnail-with-date\">\n\n            \n    <div class=\"post-thumbnail\">\n        <a href=\"https:\/\/jgproperties.net\/es\/administracion-de-propiedades-en-miami\/\" title=\"Qu\u00e9 Buscar al Contratar una Inmobilaria de Administraci\u00f3n de Propiedades en Miami\"><img decoding=\"async\" width=\"765\" height=\"504\" src=\"https:\/\/jgproperties.net\/wp-content\/uploads\/2023\/01\/What-to-Look-for-when-Hiring-a-Property-Management-Company--765x504.png\" class=\"attachment-homepress-image-post-archive size-homepress-image-post-archive wp-post-image\" alt=\"Administraci\u00f3n de Propiedades en Miami\" srcset=\"https:\/\/jgproperties.net\/wp-content\/uploads\/2023\/01\/What-to-Look-for-when-Hiring-a-Property-Management-Company--765x504.png 765w, https:\/\/jgproperties.net\/wp-content\/uploads\/2023\/01\/What-to-Look-for-when-Hiring-a-Property-Management-Company--350x230.png 350w\" sizes=\"(max-width: 765px) 100vw, 765px\" \/><\/a>\n    <\/div>\n\n<div class=\"posted-on-custom\">\n\n    <a href=\"https:\/\/jgproperties.net\/es\/administracion-de-propiedades-en-miami\/\" title=\"Qu\u00e9 Buscar al Contratar una Inmobilaria de Administraci\u00f3n de Propiedades en Miami\">\n        <span class=\"post-date\">6<\/span>\n        <span class=\"post-month\">Feb<\/span>\n    <\/a>\n\n<\/div>\n        <\/div>\n\n    \n    <div class=\"post-title\">\n\n    <a href=\"https:\/\/jgproperties.net\/es\/administracion-de-propiedades-en-miami\/\" title=\"Qu\u00e9 Buscar al Contratar una Inmobilaria de Administraci\u00f3n de Propiedades en Miami\">\n        <h2>Qu\u00e9 Buscar al Contratar una Inmobilaria de Administraci\u00f3n de Propiedades en Miami<\/h2>\n    <\/a>\n\n<\/div><div class=\"post-excerpt\">\n\n    Al buscar una compa\u00f1\u00eda de administraci\u00f3n de propiedades en Miami, hay varios factores importantes que un propietario de alquiler debe tener en cuenta: Experiencia: Busque una em...\n<\/div>\n\n<\/div>\t\t\t\t<\/div>\n\t\t\t\t\t\t\t\t<div class=\"col-lg-4 col-md-6 col-sm-12 archive-post__content\">\n\t\t\t\t\t<div class=\"archive-post_content\">\n\n    \n        <div class=\"thumbnail-with-date\">\n\n            \n    <div class=\"post-thumbnail\">\n        <a href=\"https:\/\/jgproperties.net\/es\/barrios-de-miami-para-invertir\/\" title=\"Los Mejores Barrios de Miami para Invertir\"><img decoding=\"async\" width=\"765\" height=\"504\" src=\"https:\/\/jgproperties.net\/wp-content\/uploads\/2023\/02\/Miami-Neighborhood-for-Investors-765x504.png\" class=\"attachment-homepress-image-post-archive size-homepress-image-post-archive wp-post-image\" alt=\"Barrios de Miami para Invertir\" srcset=\"https:\/\/jgproperties.net\/wp-content\/uploads\/2023\/02\/Miami-Neighborhood-for-Investors-765x504.png 765w, https:\/\/jgproperties.net\/wp-content\/uploads\/2023\/02\/Miami-Neighborhood-for-Investors-350x230.png 350w\" sizes=\"(max-width: 765px) 100vw, 765px\" \/><\/a>\n    <\/div>\n\n<div class=\"posted-on-custom\">\n\n    <a href=\"https:\/\/jgproperties.net\/es\/barrios-de-miami-para-invertir\/\" title=\"Los Mejores Barrios de Miami para Invertir\">\n        <span class=\"post-date\">6<\/span>\n        <span class=\"post-month\">Feb<\/span>\n    <\/a>\n\n<\/div>\n        <\/div>\n\n    \n    <div class=\"post-title\">\n\n    <a href=\"https:\/\/jgproperties.net\/es\/barrios-de-miami-para-invertir\/\" title=\"Los Mejores Barrios de Miami para Invertir\">\n        <h2>Los Mejores Barrios de Miami para Invertir<\/h2>\n    <\/a>\n\n<\/div><div class=\"post-excerpt\">\n\n    Miami es una ciudad con un vibrante mercado inmobiliario y los inversores se sienten atra\u00eddos por sus diversos barrios que ofrecen caracter\u00edsticas y oportunidades \u00fanicas. A cont...\n<\/div>\n\n<\/div>\t\t\t\t<\/div>\n\t\t\t\t\t\t<\/div>\n\t\t<\/div>\n\n\t\t\t\t<\/div>\n\t\t\t\t<\/div>\n\t\t\t\t\t<\/div>\n\t\t<\/div>\n\t\t\t\t\t<\/div>\n\t\t<\/section>\n\t\t\t\t<section class=\"elementor-section elementor-top-section elementor-element elementor-element-5e28c74 elementor-section-content-middle elementor-section-boxed elementor-section-height-default elementor-section-height-default\" data-id=\"5e28c74\" data-element_type=\"section\" data-settings=\"{&quot;background_background&quot;:&quot;classic&quot;}\">\n\t\t\t\t\t\t<div class=\"elementor-container elementor-column-gap-default\">\n\t\t\t\t\t<div class=\"elementor-column elementor-col-33 elementor-top-column elementor-element elementor-element-498c715 stretch-to-none\" data-id=\"498c715\" data-element_type=\"column\">\n\t\t\t<div class=\"elementor-widget-wrap elementor-element-populated\">\n\t\t\t\t\t\t<div class=\"elementor-element elementor-element-292b987 elementor-view-default elementor-widget elementor-widget-icon\" data-id=\"292b987\" data-element_type=\"widget\" data-widget_type=\"icon.default\">\n\t\t\t\t<div class=\"elementor-widget-container\">\n\t\t\t\t\t<div class=\"elementor-icon-wrapper\">\n\t\t\t<div class=\"elementor-icon\">\n\t\t\t\t\t\t\t<i class=\"property-icon-home-agent\" aria-hidden=\"true\"><\/i>\n\t\t\t\t\t\t<\/div>\n\t\t<\/div>\n\t\t\t\t<\/div>\n\t\t\t\t<\/div>\n\t\t\t\t\t<\/div>\n\t\t<\/div>\n\t\t\t\t<div class=\"elementor-column elementor-col-33 elementor-top-column elementor-element elementor-element-4ffde65 stretch-to-none\" data-id=\"4ffde65\" data-element_type=\"column\">\n\t\t\t<div class=\"elementor-widget-wrap elementor-element-populated\">\n\t\t\t\t\t\t<div class=\"elementor-element elementor-element-841bbdc elementor-widget elementor-widget-text-editor\" data-id=\"841bbdc\" data-element_type=\"widget\" data-widget_type=\"text-editor.default\">\n\t\t\t\t<div class=\"elementor-widget-container\">\n\t\t\t\t\t\t\t<p style=\"margin-bottom: 0; letter-spacing: -0.2px;\"><span style=\"font-size: 42px; color: #ffffff;\">Interesado en<strong style=\"font-weight: 600;\"> vender una casa<\/strong><\/span><\/p>\n\t\t\t\t\t\t<\/div>\n\t\t\t\t<\/div>\n\t\t\t\t\t<\/div>\n\t\t<\/div>\n\t\t\t\t<div class=\"elementor-column elementor-col-33 elementor-top-column elementor-element elementor-element-c999940 stretch-to-none\" data-id=\"c999940\" data-element_type=\"column\">\n\t\t\t<div class=\"elementor-widget-wrap elementor-element-populated\">\n\t\t\t\t\t\t<div class=\"elementor-element elementor-element-0391a7c elementor-align-right elementor-widget elementor-widget-homepress_button\" data-id=\"0391a7c\" data-element_type=\"widget\" data-widget_type=\"homepress_button.default\">\n\t\t\t\t<div class=\"elementor-widget-container\">\n\t\t\t\n\t\t<a href=\"https:\/\/jgproperties.net\/contact-us\/\" class=\"elementor-button elementor-size-sm\">\n\t\t\t<span class=\"elementor-button-content-wrapper\">\n\t\t\t\t<span class=\"elementor-button-icon elementor-align-icon-left\">\n\t\t\t\t\t<i class=\"\" aria-hidden=\"true\"><\/i>\n\t\t\t\t<\/span>\n\t\t\t\t<span class=\"elementor-button-text\">CONTACT US<\/span>\n\t\t\t<\/span>\n\t\t<\/a>\n\t\t\t\t<\/div>\n\t\t\t\t<\/div>\n\t\t\t\t\t<\/div>\n\t\t<\/div>\n\t\t\t\t\t<\/div>\n\t\t<\/section>\n\t\t\t\t<section class=\"elementor-section elementor-top-section elementor-element elementor-element-75156dd elementor-section-boxed elementor-section-height-default elementor-section-height-default\" data-id=\"75156dd\" data-element_type=\"section\">\n\t\t\t\t\t\t<div class=\"elementor-container elementor-column-gap-default\">\n\t\t\t\t\t<div class=\"elementor-column elementor-col-100 elementor-top-column elementor-element elementor-element-e120a2f stretch-to-none\" data-id=\"e120a2f\" data-element_type=\"column\">\n\t\t\t<div class=\"elementor-widget-wrap\">\n\t\t\t\t\t\t\t<\/div>\n\t\t<\/div>\n\t\t\t\t\t<\/div>\n\t\t<\/section>\n\t\t\t\t<\/div>\n\t\t","protected":false},"excerpt":{"rendered":"<p>\u00bfCu\u00e1nto vale su casa? Si est\u00e1 pensando en vender su casa, necesitar\u00e1 saber exactamente cu\u00e1nto vale antes de ponerla en el mercado. Analizamos a diario el valor de las viviendas y determinamos los precios de mercado. Comparando su casa con las ventas recientes y con otras casas similares en el mercado, podemos decirle r\u00e1pidamente cu\u00e1l [&hellip;]<\/p>\n","protected":false},"author":1,"featured_media":0,"parent":0,"menu_order":0,"comment_status":"closed","ping_status":"closed","template":"","meta":{"_mo_disable_npp":"","footnotes":""},"class_list":["post-9753","page","type-page","status-publish","hentry"],"amp_enabled":true,"_links":{"self":[{"href":"https:\/\/jgproperties.net\/es\/wp-json\/wp\/v2\/pages\/9753","targetHints":{"allow":["GET"]}}],"collection":[{"href":"https:\/\/jgproperties.net\/es\/wp-json\/wp\/v2\/pages"}],"about":[{"href":"https:\/\/jgproperties.net\/es\/wp-json\/wp\/v2\/types\/page"}],"author":[{"embeddable":true,"href":"https:\/\/jgproperties.net\/es\/wp-json\/wp\/v2\/users\/1"}],"replies":[{"embeddable":true,"href":"https:\/\/jgproperties.net\/es\/wp-json\/wp\/v2\/comments?post=9753"}],"version-history":[{"count":7,"href":"https:\/\/jgproperties.net\/es\/wp-json\/wp\/v2\/pages\/9753\/revisions"}],"predecessor-version":[{"id":10071,"href":"https:\/\/jgproperties.net\/es\/wp-json\/wp\/v2\/pages\/9753\/revisions\/10071"}],"wp:attachment":[{"href":"https:\/\/jgproperties.net\/es\/wp-json\/wp\/v2\/media?parent=9753"}],"curies":[{"name":"wp","href":"https:\/\/api.w.org\/{rel}","templated":true}]}}